{"id":3671,"date":"2022-12-12T10:32:53","date_gmt":"2022-12-12T09:32:53","guid":{"rendered":"https:\/\/www.lyceecdg52.com\/?p=3671"},"modified":"2025-03-21T19:20:44","modified_gmt":"2025-03-21T18:20:44","slug":"le-centre-de-documentation-et-dinformation","status":"publish","type":"page","link":"https:\/\/www.lyceecdg52.com\/?page_id=3671","title":{"rendered":"Le Centre de Documentation et d&rsquo;Information"},"content":{"rendered":"\t\t<div data-elementor-type=\"wp-page\" data-elementor-id=\"3671\" class=\"elementor elementor-3671\">\n\t\t\t\t<div class=\"aux-parallax-section elementor-element elementor-element-1ca2813d e-flex e-con-boxed e-con e-parent\" data-id=\"1ca2813d\" data-element_type=\"container\">\n\t\t\t\t\t<div class=\"e-con-inner\">\n\t\t\t\t<div class=\"elementor-element elementor-element-58e230f9 elementor-widget-divider--view-line elementor-widget elementor-widget-divider\" data-id=\"58e230f9\" data-element_type=\"widget\" data-widget_type=\"divider.default\">\n\t\t\t\t<div class=\"elementor-widget-container\">\n\t\t\t\t\t<div class=\"elementor-divider\">\n\t\t\t<span class=\"elementor-divider-separator\">\n\t\t\t\t\t\t<\/span>\n\t\t<\/div>\n\t\t\t\t<\/div>\n\t\t\t\t<\/div>\n\t\t\t\t\t<\/div>\n\t\t\t\t<\/div>\n\t\t<div class=\"aux-parallax-section elementor-element elementor-element-ea900a3 e-con-full e-flex e-con e-parent\" data-id=\"ea900a3\" data-element_type=\"container\" data-settings=\"{&quot;background_background&quot;:&quot;classic&quot;}\">\n\t\t<div class=\"elementor-element elementor-element-4dd35671 e-con-full e-flex e-con e-child\" data-id=\"4dd35671\" data-element_type=\"container\">\n\t\t<div class=\"elementor-element elementor-element-1cc11dba e-flex e-con-boxed e-con e-child\" data-id=\"1cc11dba\" data-element_type=\"container\">\n\t\t\t\t\t<div class=\"e-con-inner\">\n\t\t\t\t<div class=\"elementor-element elementor-element-4d16f3af elementor-hidden-mobile elementor-widget elementor-widget-image\" data-id=\"4d16f3af\" data-element_type=\"widget\" data-widget_type=\"image.default\">\n\t\t\t\t<div class=\"elementor-widget-container\">\n\t\t\t\t\t\t\t\t\t\t\t\t\t<img fetchpriority=\"high\" decoding=\"async\" width=\"758\" height=\"684\" src=\"https:\/\/www.lyceecdg52.com\/wp-content\/uploads\/2024\/09\/academie-de-reims2.png\" class=\"attachment-full size-full wp-image-8531\" alt=\"\" \/>\t\t\t\t\t\t\t\t\t\t\t\t\t<\/div>\n\t\t\t\t<\/div>\n\t\t\t\t\t<\/div>\n\t\t\t\t<\/div>\n\t\t\t\t<\/div>\n\t\t<div class=\"elementor-element elementor-element-5b12ede4 e-con-full e-flex e-con e-child\" data-id=\"5b12ede4\" data-element_type=\"container\">\n\t\t<div class=\"elementor-element elementor-element-13e635fe e-flex e-con-boxed e-con e-child\" data-id=\"13e635fe\" data-element_type=\"container\">\n\t\t\t\t\t<div class=\"e-con-inner\">\n\t\t\t\t<div class=\"elementor-element elementor-element-428786ab elementor-widget elementor-widget-heading\" data-id=\"428786ab\" data-element_type=\"widget\" data-widget_type=\"heading.default\">\n\t\t\t\t<div class=\"elementor-widget-container\">\n\t\t\t<h5 class=\"elementor-heading-title elementor-size-default\">&gt; Horaires<\/h5>\t\t<\/div>\n\t\t\t\t<\/div>\n\t\t\t\t\t<\/div>\n\t\t\t\t<\/div>\n\t\t<div class=\"elementor-element elementor-element-759ea7f7 e-flex e-con-boxed e-con e-child\" data-id=\"759ea7f7\" data-element_type=\"container\">\n\t\t\t\t\t<div class=\"e-con-inner\">\n\t\t\t\t<div class=\"elementor-element elementor-element-22fbd9cc elementor-widget elementor-widget-text-editor\" data-id=\"22fbd9cc\" data-element_type=\"widget\" data-widget_type=\"text-editor.default\">\n\t\t\t\t<div class=\"elementor-widget-container\">\n\t\t\t\t\t\t\t<p><strong>Le lundi<\/strong><br \/>7h45 \u00e0 11h45 et de 12h \u00e0 17h45<br \/><strong>Le mardi<\/strong><br \/>7h45 \u00e0 11h45 et de 13h \u00e0 17h45<br \/><strong>Le mercredi<\/strong><br \/>7h45 \u00e0 18h<\/p>\t\t\t\t\t\t<\/div>\n\t\t\t\t<\/div>\n\t\t\t\t\t<\/div>\n\t\t\t\t<\/div>\n\t\t\t\t<\/div>\n\t\t<div class=\"elementor-element elementor-element-69d1fccc e-con-full e-flex e-con e-child\" data-id=\"69d1fccc\" data-element_type=\"container\">\n\t\t<div class=\"elementor-element elementor-element-149a6497 e-flex e-con-boxed e-con e-child\" data-id=\"149a6497\" data-element_type=\"container\">\n\t\t\t\t\t<div class=\"e-con-inner\">\n\t\t\t\t<div class=\"elementor-element elementor-element-6f1cd0d4 elementor-hidden-mobile elementor-widget elementor-widget-heading\" data-id=\"6f1cd0d4\" data-element_type=\"widget\" data-widget_type=\"heading.default\">\n\t\t\t\t<div class=\"elementor-widget-container\">\n\t\t\t<h5 class=\"elementor-heading-title elementor-size-default\">texte<\/h5>\t\t<\/div>\n\t\t\t\t<\/div>\n\t\t\t\t\t<\/div>\n\t\t\t\t<\/div>\n\t\t<div class=\"elementor-element elementor-element-78c7fc7e e-flex e-con-boxed e-con e-child\" data-id=\"78c7fc7e\" data-element_type=\"container\">\n\t\t\t\t\t<div class=\"e-con-inner\">\n\t\t\t\t<div class=\"elementor-element elementor-element-76e752d8 elementor-widget elementor-widget-text-editor\" data-id=\"76e752d8\" data-element_type=\"widget\" data-widget_type=\"text-editor.default\">\n\t\t\t\t<div class=\"elementor-widget-container\">\n\t\t\t\t\t\t\t<p><strong>Le jeudi<\/strong><br \/>7h45 \u00e0 11h45 et de 13h \u00e0 17h45<br \/><strong>Le vendredi<\/strong><br \/>9h \u00e0 16h<\/p>\t\t\t\t\t\t<\/div>\n\t\t\t\t<\/div>\n\t\t\t\t\t<\/div>\n\t\t\t\t<\/div>\n\t\t\t\t<\/div>\n\t\t<div class=\"elementor-element elementor-element-57e95817 e-con-full e-flex e-con e-child\" data-id=\"57e95817\" data-element_type=\"container\">\n\t\t<div class=\"elementor-element elementor-element-5396bde6 e-con-full e-flex e-con e-child\" data-id=\"5396bde6\" data-element_type=\"container\">\n\t\t\t\t<div class=\"elementor-element elementor-element-7efb557b e-transform e-transform elementor-widget elementor-widget-aux_image\" data-id=\"7efb557b\" data-element_type=\"widget\" data-settings=\"{&quot;_transform_scale_effect&quot;:{&quot;unit&quot;:&quot;px&quot;,&quot;size&quot;:0.7,&quot;sizes&quot;:[]},&quot;_transform_scale_effect_hover&quot;:{&quot;unit&quot;:&quot;px&quot;,&quot;size&quot;:0.8,&quot;sizes&quot;:[]},&quot;_transform_scale_effect_tablet&quot;:{&quot;unit&quot;:&quot;px&quot;,&quot;size&quot;:&quot;&quot;,&quot;sizes&quot;:[]},&quot;_transform_scale_effect_mobile&quot;:{&quot;unit&quot;:&quot;px&quot;,&quot;size&quot;:&quot;&quot;,&quot;sizes&quot;:[]},&quot;_transform_scale_effect_hover_tablet&quot;:{&quot;unit&quot;:&quot;px&quot;,&quot;size&quot;:&quot;&quot;,&quot;sizes&quot;:[]},&quot;_transform_scale_effect_hover_mobile&quot;:{&quot;unit&quot;:&quot;px&quot;,&quot;size&quot;:&quot;&quot;,&quot;sizes&quot;:[]}}\" data-widget_type=\"aux_image.default\">\n\t\t\t\t<div class=\"elementor-widget-container\">\n\t\t\t<section class=\"widget-container aux-widget-image aux-alignnone aux-parent-au3ae8e7b8\">\n    <div class=\"aux-media-hint-frame \">\n        <div class=\"aux-media-image aux-hover-active\" >\n                    <a class=\"\" href=\"https:\/\/0521032p.esidoc.fr\/\" data-elementor-open-lightbox=\"no\" data-original-width=\"418\" data-original-height=\"144\" data-caption=\"logo_e-sidoc\" target=\"_blank\"  >\n        \n            \n\n            \n            <img decoding=\"async\" width=\"418\" height=\"144\" src=\"https:\/\/www.lyceecdg52.com\/wp-content\/uploads\/2025\/03\/logo_e-sidoc.png\" class=\"aux-attachment aux-featured-image aux-attachment-id-10010\" alt=\"logo_e-sidoc\" data-ratio=\"2.9\" data-original-w=\"418\" \/>            \n                    <\/a>\n                <\/div>\n    <\/div>\n\n<\/section><!-- widget-container -->\t\t<\/div>\n\t\t\t\t<\/div>\n\t\t\t\t<\/div>\n\t\t<div class=\"elementor-element elementor-element-6a37f5d8 e-con-full e-flex e-con e-child\" data-id=\"6a37f5d8\" data-element_type=\"container\">\n\t\t<div class=\"elementor-element elementor-element-4f8d910d e-con-full e-flex e-con e-child\" data-id=\"4f8d910d\" data-element_type=\"container\">\n\t\t\t\t<div class=\"elementor-element elementor-element-7648b8fa elementor-shape-circle e-grid-align-left e-grid-align-mobile-center elementor-grid-0 elementor-widget elementor-widget-social-icons\" data-id=\"7648b8fa\" data-element_type=\"widget\" data-widget_type=\"social-icons.default\">\n\t\t\t\t<div class=\"elementor-widget-container\">\n\t\t\t\t\t<div class=\"elementor-social-icons-wrapper elementor-grid\">\n\t\t\t\t\t\t\t<span class=\"elementor-grid-item\">\n\t\t\t\t\t<a class=\"elementor-icon elementor-social-icon elementor-social-icon-instagram elementor-animation-grow elementor-repeater-item-fb67042\" href=\"https:\/\/www.instagram.com\/lcdg52\/\" target=\"_blank\">\n\t\t\t\t\t\t<span class=\"elementor-screen-only\">Instagram<\/span>\n\t\t\t\t\t\t<i class=\"fab fa-instagram\"><\/i>\t\t\t\t\t<\/a>\n\t\t\t\t<\/span>\n\t\t\t\t\t\t\t<span class=\"elementor-grid-item\">\n\t\t\t\t\t<a class=\"elementor-icon elementor-social-icon elementor-social-icon-linkedin elementor-animation-grow elementor-repeater-item-7fdb05b\" href=\"https:\/\/www.linkedin.com\/in\/lyc%C3%A9e-charles-de-gaulle-560256293\/\" target=\"_blank\">\n\t\t\t\t\t\t<span class=\"elementor-screen-only\">Linkedin<\/span>\n\t\t\t\t\t\t<i class=\"fab fa-linkedin\"><\/i>\t\t\t\t\t<\/a>\n\t\t\t\t<\/span>\n\t\t\t\t\t<\/div>\n\t\t\t\t<\/div>\n\t\t\t\t<\/div>\n\t\t\t\t<\/div>\n\t\t\t\t<\/div>\n\t\t\t\t<\/div>\n\t\t\t\t<\/div>\n\t\t<div class=\"aux-parallax-section elementor-element elementor-element-ff043c1 e-flex e-con-boxed e-con e-parent\" data-id=\"ff043c1\" data-element_type=\"container\">\n\t\t\t\t\t<div class=\"e-con-inner\">\n\t\t\t\t<div class=\"elementor-element elementor-element-5d04c6e3 elementor-widget-divider--view-line elementor-widget elementor-widget-divider\" data-id=\"5d04c6e3\" data-element_type=\"widget\" data-widget_type=\"divider.default\">\n\t\t\t\t<div class=\"elementor-widget-container\">\n\t\t\t\t\t<div class=\"elementor-divider\">\n\t\t\t<span class=\"elementor-divider-separator\">\n\t\t\t\t\t\t<\/span>\n\t\t<\/div>\n\t\t\t\t<\/div>\n\t\t\t\t<\/div>\n\t\t\t\t\t<\/div>\n\t\t\t\t<\/div>\n\t\t<div class=\"aux-parallax-section elementor-element elementor-element-41ed9b4e e-flex e-con-boxed e-con e-parent\" data-id=\"41ed9b4e\" data-element_type=\"container\">\n\t\t\t\t\t<div class=\"e-con-inner\">\n\t\t<div class=\"elementor-element elementor-element-7e5bb8e3 e-con-full e-flex e-con e-child\" data-id=\"7e5bb8e3\" data-element_type=\"container\">\n\t\t\t\t<div class=\"elementor-element elementor-element-12b1315a elementor-widget elementor-widget-heading\" data-id=\"12b1315a\" data-element_type=\"widget\" data-widget_type=\"heading.default\">\n\t\t\t\t<div class=\"elementor-widget-container\">\n\t\t\t<h4 class=\"elementor-heading-title elementor-size-default\">Le CDI<\/h4>\t\t<\/div>\n\t\t\t\t<\/div>\n\t\t\t\t<div class=\"elementor-element elementor-element-5f82c93b elementor-widget elementor-widget-text-editor\" data-id=\"5f82c93b\" data-element_type=\"widget\" data-widget_type=\"text-editor.default\">\n\t\t\t\t<div class=\"elementor-widget-container\">\n\t\t\t\t\t\t\t<p>Le CDI est un<strong> lieu d&rsquo;accueil<\/strong>, de <strong>travail<\/strong> et de <strong>culture<\/strong>. Il offre aux lyc\u00e9ens et aux \u00e9tudiants plus de 3000 documents empruntables ( Vid\u00e9os, p\u00e9riodiques, fictions, documentaires sur tous supports). Il comporte des espaces d\u00e9di\u00e9s \u00e0 l&rsquo;\u00e9tude, l&rsquo;orientation, la lecture, les r\u00e9unions. <br \/>Le CDI dispose aussi d&rsquo;un <strong>portail virtuel<\/strong>, <a href=\"https:\/\/0521032p.esidoc.fr\/\" target=\"_blank\" rel=\"noopener\">E-Sidoc<\/a> dont les ressources sont r\u00e9guli\u00e8rement mises \u00e0 jour par les documentalistes en fonction de l&rsquo;actualit\u00e9. Lyc\u00e9ens et \u00e9tudiants y ont notamment acc\u00e8s librement \u00e0 un bouquet de plus de 70 p\u00e9riodiques consultables ou t\u00e9l\u00e9chargeables.<br \/><br \/><\/p>\t\t\t\t\t\t<\/div>\n\t\t\t\t<\/div>\n\t\t\t\t<\/div>\n\t\t<div class=\"elementor-element elementor-element-2ca93be2 e-con-full e-flex e-con e-child\" data-id=\"2ca93be2\" data-element_type=\"container\">\n\t\t\t\t<div class=\"elementor-element elementor-element-5ea5cff elementor-hidden-mobile elementor-widget elementor-widget-spacer\" data-id=\"5ea5cff\" data-element_type=\"widget\" data-widget_type=\"spacer.default\">\n\t\t\t\t<div class=\"elementor-widget-container\">\n\t\t\t\t\t<div class=\"elementor-spacer\">\n\t\t\t<div class=\"elementor-spacer-inner\"><\/div>\n\t\t<\/div>\n\t\t\t\t<\/div>\n\t\t\t\t<\/div>\n\t\t\t\t<div class=\"elementor-element elementor-element-d1b9542 elementor-widget elementor-widget-text-editor\" data-id=\"d1b9542\" data-element_type=\"widget\" data-widget_type=\"text-editor.default\">\n\t\t\t\t<div class=\"elementor-widget-container\">\n\t\t\t\t\t\t\t<p>Ces ressources sont accessibles en ligne via le site <a href=\"https:\/\/0521032p.esidoc.fr\/\" target=\"_blank\" rel=\"noopener\">e-sidoc<\/a> (accessible depuis l\u2019ENT dans l\u2019onglet \u00abRessources\u00bb) et sur place \u00e0 travers diff\u00e9rents espaces.<\/p>\t\t\t\t\t\t<\/div>\n\t\t\t\t<\/div>\n\t\t\t\t<div class=\"elementor-element elementor-element-258c68b2 elementor-widget elementor-widget-aux_image\" data-id=\"258c68b2\" data-element_type=\"widget\" data-widget_type=\"aux_image.default\">\n\t\t\t\t<div class=\"elementor-widget-container\">\n\t\t\t<section class=\"widget-container aux-widget-image aux-alignnone aux-parent-au38f64085\">\n    <div class=\"aux-media-hint-frame \">\n        <div class=\"aux-media-image aux-hover-active aux-media-frame aux-lightbox-frame\" >\n                    <a class=\"aux-lightbox-btn\" href=\"https:\/\/www.lyceecdg52.com\/wp-content\/uploads\/2022\/11\/20210111_161358-scaled-1.jpg\" data-elementor-open-lightbox=\"no\" data-original-width=\"2560\" data-original-height=\"1920\" data-caption=\"20210111_161358\" target=\"_self\"  >\n        \n            \n\n                            <div class='aux-hover-scale-circle-plus'>\n                    <span class='aux-symbol-plus'><\/span>\n                    <span class='aux-symbol-circle'><\/span>\n                <\/div>\n            \n                                <div class=\"aux-frame-mask aux-frame-darken\">\n                        <img decoding=\"async\" width=\"2560\" height=\"1920\" src=\"https:\/\/www.lyceecdg52.com\/wp-content\/uploads\/2022\/11\/20210111_161358-scaled-1-40x30.jpg\" class=\"aux-attachment aux-featured-image aux-attachment-id-2830 aux-preload aux-has-preview\" alt=\"20210111_161358\" data-ratio=\"1.33\" data-original-w=\"2560\" data-src=\"https:\/\/www.lyceecdg52.com\/wp-content\/uploads\/2022\/11\/20210111_161358-scaled-1.jpg\" \/>                    <\/div>\n                            \n                    <\/a>\n                <\/div>\n    <\/div>\n\n<\/section><!-- widget-container -->\t\t<\/div>\n\t\t\t\t<\/div>\n\t\t\t\t<\/div>\n\t\t<div class=\"elementor-element elementor-element-49ff6649 e-con-full e-flex e-con e-child\" data-id=\"49ff6649\" data-element_type=\"container\">\n\t\t\t\t<div class=\"elementor-element elementor-element-c0046bc elementor-hidden-mobile elementor-widget elementor-widget-spacer\" data-id=\"c0046bc\" data-element_type=\"widget\" data-widget_type=\"spacer.default\">\n\t\t\t\t<div class=\"elementor-widget-container\">\n\t\t\t\t\t<div class=\"elementor-spacer\">\n\t\t\t<div class=\"elementor-spacer-inner\"><\/div>\n\t\t<\/div>\n\t\t\t\t<\/div>\n\t\t\t\t<\/div>\n\t\t\t\t<div class=\"elementor-element elementor-element-57cd2de0 elementor-widget elementor-widget-aux_image\" data-id=\"57cd2de0\" data-element_type=\"widget\" data-widget_type=\"aux_image.default\">\n\t\t\t\t<div class=\"elementor-widget-container\">\n\t\t\t<section class=\"widget-container aux-widget-image aux-alignnone aux-parent-au654b50cc\">\n    <div class=\"aux-media-hint-frame \">\n        <div class=\"aux-media-image aux-hover-active aux-media-frame aux-lightbox-frame\" >\n                    <a class=\"aux-lightbox-btn\" href=\"https:\/\/www.lyceecdg52.com\/wp-content\/uploads\/2022\/11\/20210111_161211-scaled-1.jpg\" data-elementor-open-lightbox=\"no\" data-original-width=\"2560\" data-original-height=\"1920\" data-caption=\"20210111_161211\" target=\"_self\"  >\n        \n            \n\n                            <div class='aux-hover-scale-circle-plus'>\n                    <span class='aux-symbol-plus'><\/span>\n                    <span class='aux-symbol-circle'><\/span>\n                <\/div>\n            \n                                <div class=\"aux-frame-mask aux-frame-darken\">\n                        <img loading=\"lazy\" decoding=\"async\" width=\"768\" height=\"768\" src=\"https:\/\/www.lyceecdg52.com\/wp-content\/uploads\/2022\/11\/20210111_161211-scaled-1-40x40.jpg\" class=\"aux-attachment aux-featured-image aux-attachment-id-2826 aux-preload aux-has-preview\" alt=\"20210111_161211\" data-ratio=\"1\" data-original-w=\"2560\" sizes=\"auto\" data-srcset=\"https:\/\/www.lyceecdg52.com\/wp-content\/uploads\/2022\/11\/20210111_161211-scaled-1-150x150.jpg 150w,https:\/\/www.lyceecdg52.com\/wp-content\/uploads\/2022\/11\/20210111_161211-scaled-1-300x300.jpg 300w,https:\/\/www.lyceecdg52.com\/wp-content\/uploads\/2022\/11\/20210111_161211-scaled-1-768x768.jpg 768w,https:\/\/www.lyceecdg52.com\/wp-content\/uploads\/2022\/11\/20210111_161211-scaled-1-1024x1024.jpg 1024w,https:\/\/www.lyceecdg52.com\/wp-content\/uploads\/2022\/11\/20210111_161211-scaled-1-768x768.jpg 768w\" data-src=\"https:\/\/www.lyceecdg52.com\/wp-content\/uploads\/2022\/11\/20210111_161211-scaled-1-768x768.jpg\" \/>                    <\/div>\n                            \n                    <\/a>\n                <\/div>\n    <\/div>\n\n<\/section><!-- widget-container -->\t\t<\/div>\n\t\t\t\t<\/div>\n\t\t\t\t<\/div>\n\t\t\t\t\t<\/div>\n\t\t\t\t<\/div>\n\t\t<div class=\"aux-parallax-section elementor-element elementor-element-4bec2d7d e-flex e-con-boxed e-con e-parent\" data-id=\"4bec2d7d\" data-element_type=\"container\">\n\t\t\t\t\t<div class=\"e-con-inner\">\n\t\t\t\t<div class=\"elementor-element elementor-element-5e4dec46 elementor-widget-divider--view-line elementor-widget elementor-widget-divider\" data-id=\"5e4dec46\" data-element_type=\"widget\" data-widget_type=\"divider.default\">\n\t\t\t\t<div class=\"elementor-widget-container\">\n\t\t\t\t\t<div class=\"elementor-divider\">\n\t\t\t<span class=\"elementor-divider-separator\">\n\t\t\t\t\t\t<\/span>\n\t\t<\/div>\n\t\t\t\t<\/div>\n\t\t\t\t<\/div>\n\t\t\t\t\t<\/div>\n\t\t\t\t<\/div>\n\t\t<div class=\"aux-parallax-section elementor-element elementor-element-17ed86a2 e-flex e-con-boxed e-con e-parent\" data-id=\"17ed86a2\" data-element_type=\"container\">\n\t\t\t\t\t<div class=\"e-con-inner\">\n\t\t<div class=\"elementor-element elementor-element-4a4f4e52 e-con-full e-flex e-con e-child\" data-id=\"4a4f4e52\" data-element_type=\"container\">\n\t\t\t\t<div class=\"elementor-element elementor-element-3a395b34 elementor-arrows-position-inside elementor-pagination-position-outside elementor-widget elementor-widget-image-carousel\" data-id=\"3a395b34\" data-element_type=\"widget\" data-settings=\"{&quot;slides_to_show&quot;:&quot;1&quot;,&quot;autoplay_speed&quot;:2500,&quot;navigation&quot;:&quot;both&quot;,&quot;autoplay&quot;:&quot;yes&quot;,&quot;infinite&quot;:&quot;yes&quot;,&quot;effect&quot;:&quot;slide&quot;,&quot;speed&quot;:500}\" data-widget_type=\"image-carousel.default\">\n\t\t\t\t<div class=\"elementor-widget-container\">\n\t\t\t\t\t<div class=\"elementor-image-carousel-wrapper swiper\" dir=\"ltr\">\n\t\t\t<div class=\"elementor-image-carousel swiper-wrapper\" aria-live=\"off\">\n\t\t\t\t\t\t\t\t<div class=\"swiper-slide\" role=\"group\" aria-roledescription=\"slide\" aria-label=\"1 sur 3\"><figure class=\"swiper-slide-inner\"><img decoding=\"async\" class=\"swiper-slide-image\" src=\"https:\/\/www.lyceecdg52.com\/wp-content\/uploads\/2022\/11\/20210111_161435-1-scaled-1.jpg\" alt=\"20210111_161435-1\" \/><\/figure><\/div><div class=\"swiper-slide\" role=\"group\" aria-roledescription=\"slide\" aria-label=\"2 sur 3\"><figure class=\"swiper-slide-inner\"><img decoding=\"async\" class=\"swiper-slide-image\" src=\"https:\/\/www.lyceecdg52.com\/wp-content\/uploads\/2022\/11\/20210111_161340-1-scaled-1.jpg\" alt=\"20210111_161340-1\" \/><\/figure><\/div><div class=\"swiper-slide\" role=\"group\" aria-roledescription=\"slide\" aria-label=\"3 sur 3\"><figure class=\"swiper-slide-inner\"><img decoding=\"async\" class=\"swiper-slide-image\" src=\"https:\/\/www.lyceecdg52.com\/wp-content\/uploads\/2022\/11\/20210111_161347-scaled-1.jpg\" alt=\"20210111_161347\" \/><\/figure><\/div>\t\t\t<\/div>\n\t\t\t\t\t\t\t\t\t\t\t\t<div class=\"elementor-swiper-button elementor-swiper-button-prev\" role=\"button\" tabindex=\"0\">\n\t\t\t\t\t\t<i aria-hidden=\"true\" class=\"eicon-chevron-left\"><\/i>\t\t\t\t\t<\/div>\n\t\t\t\t\t<div class=\"elementor-swiper-button elementor-swiper-button-next\" role=\"button\" tabindex=\"0\">\n\t\t\t\t\t\t<i aria-hidden=\"true\" class=\"eicon-chevron-right\"><\/i>\t\t\t\t\t<\/div>\n\t\t\t\t\n\t\t\t\t\t\t\t\t\t<div class=\"swiper-pagination\"><\/div>\n\t\t\t\t\t\t\t\t\t<\/div>\n\t\t\t\t<\/div>\n\t\t\t\t<\/div>\n\t\t\t\t<\/div>\n\t\t\t\t\t<\/div>\n\t\t\t\t<\/div>\n\t\t<div class=\"aux-parallax-section elementor-element elementor-element-da2be5d e-flex e-con-boxed e-con e-parent\" data-id=\"da2be5d\" data-element_type=\"container\">\n\t\t\t\t\t<div class=\"e-con-inner\">\n\t\t\t\t<div class=\"elementor-element elementor-element-d3b8b27 elementor-widget-divider--view-line elementor-widget elementor-widget-divider\" data-id=\"d3b8b27\" data-element_type=\"widget\" data-widget_type=\"divider.default\">\n\t\t\t\t<div class=\"elementor-widget-container\">\n\t\t\t\t\t<div class=\"elementor-divider\">\n\t\t\t<span class=\"elementor-divider-separator\">\n\t\t\t\t\t\t<\/span>\n\t\t<\/div>\n\t\t\t\t<\/div>\n\t\t\t\t<\/div>\n\t\t\t\t\t<\/div>\n\t\t\t\t<\/div>\n\t\t<div class=\"aux-parallax-section elementor-element elementor-element-667d9946 e-flex e-con-boxed e-con e-parent\" data-id=\"667d9946\" data-element_type=\"container\">\n\t\t\t\t\t<div class=\"e-con-inner\">\n\t\t<div class=\"elementor-element elementor-element-213f6e84 e-con-full e-flex e-con e-child\" data-id=\"213f6e84\" data-element_type=\"container\">\n\t\t\t\t<div class=\"elementor-element elementor-element-77b5b4be elementor-widget elementor-widget-heading\" data-id=\"77b5b4be\" data-element_type=\"widget\" data-widget_type=\"heading.default\">\n\t\t\t\t<div class=\"elementor-widget-container\">\n\t\t\t<h3 class=\"elementor-heading-title elementor-size-default\"># Pr\u00e9sentation du CDI<\/h3>\t\t<\/div>\n\t\t\t\t<\/div>\n\t\t\t\t<\/div>\n\t\t\t\t<div class=\"elementor-element elementor-element-2bf21fa0 elementor-widget elementor-widget-video\" data-id=\"2bf21fa0\" data-element_type=\"widget\" data-settings=\"{&quot;youtube_url&quot;:&quot;https:\\\/\\\/youtu.be\\\/m63bTdu1XJA&quot;,&quot;video_type&quot;:&quot;youtube&quot;,&quot;controls&quot;:&quot;yes&quot;}\" data-widget_type=\"video.default\">\n\t\t\t\t<div class=\"elementor-widget-container\">\n\t\t\t\t\t<div class=\"elementor-wrapper elementor-open-inline\">\n\t\t\t<div class=\"elementor-video\"><\/div>\t\t<\/div>\n\t\t\t\t<\/div>\n\t\t\t\t<\/div>\n\t\t\t\t\t<\/div>\n\t\t\t\t<\/div>\n\t\t\t\t<\/div>\n\t\t","protected":false},"excerpt":{"rendered":"<p>Ce DN MADe vous forme \u00e0 la cr\u00e9ation d&rsquo;espaces communicants<\/p>\n","protected":false},"author":5,"featured_media":0,"parent":0,"menu_order":0,"comment_status":"closed","ping_status":"closed","template":"","meta":{"footnotes":""},"class_list":["post-3671","page","type-page","status-publish","hentry"],"jetpack_sharing_enabled":true,"_links":{"self":[{"href":"https:\/\/www.lyceecdg52.com\/index.php?rest_route=\/wp\/v2\/pages\/3671","targetHints":{"allow":["GET"]}}],"collection":[{"href":"https:\/\/www.lyceecdg52.com\/index.php?rest_route=\/wp\/v2\/pages"}],"about":[{"href":"https:\/\/www.lyceecdg52.com\/index.php?rest_route=\/wp\/v2\/types\/page"}],"author":[{"embeddable":true,"href":"https:\/\/www.lyceecdg52.com\/index.php?rest_route=\/wp\/v2\/users\/5"}],"replies":[{"embeddable":true,"href":"https:\/\/www.lyceecdg52.com\/index.php?rest_route=%2Fwp%2Fv2%2Fcomments&post=3671"}],"version-history":[{"count":49,"href":"https:\/\/www.lyceecdg52.com\/index.php?rest_route=\/wp\/v2\/pages\/3671\/revisions"}],"predecessor-version":[{"id":10047,"href":"https:\/\/www.lyceecdg52.com\/index.php?rest_route=\/wp\/v2\/pages\/3671\/revisions\/10047"}],"wp:attachment":[{"href":"https:\/\/www.lyceecdg52.com\/index.php?rest_route=%2Fwp%2Fv2%2Fmedia&parent=3671"}],"curies":[{"name":"wp","href":"https:\/\/api.w.org\/{rel}","templated":true}]}}